{"id":14106,"date":"2025-07-08T15:20:30","date_gmt":"2025-07-08T12:20:30","guid":{"rendered":"https:\/\/bitessiulai.lt\/?post_type=product&#038;p=14106"},"modified":"2025-12-09T11:24:29","modified_gmt":"2025-12-09T09:24:29","slug":"115cm-lykke-cypra-prisukamu-variniu-virbalu-rinkinys","status":"publish","type":"product","link":"https:\/\/bitessiulai.lt\/de\/produkt\/115cm-lykke-cypra-prisukamu-variniu-virbalu-rinkinys\/","title":{"rendered":"11,5 cm. LYKKE CYPRA Kupferspie\u00df-Set zum Aufschrauben"},"content":{"rendered":"<h6>LYKKE CYPRA Aufschraubnadeln Kupfer Set:<\/h6>\n<ul>\n<li><strong>12 Stk. Schraubspie\u00dfe<\/strong> (3,25 mm, <em>3,5 mm, 3,75 mm, 4,0 mm, 4,5 mm, 5,0 mm, 5,5 mm, 6,0 mm, 6,5 mm, 8,0 mm, 9,0 mm, 10,00 mm.)<\/em><\/li>\n<li><strong>5 St\u00fcck Einschraubleitungen<\/strong> (\u00a0<em>2 Stk. x 60 cm, 2 Stk. x 80 cm, 1 Stk. x 100 cm)<\/em><\/li>\n<li><strong>2<\/strong>\u00a0Leitungsverbindungen,\u00a0<strong>8<\/strong>\u00a0Bremsen,\u00a0<strong>4<\/strong> Spannschl\u00fcssel. Nadell\u00e4nge: 11,5 cm.<\/li>\n<\/ul>\n<p><img fetchpriority=\"high\" decoding=\"async\" class=\"alignnone size-medium wp-image-14107\" src=\"http:\/\/bitessiulai.lt\/wp-content\/uploads\/2025\/07\/image_eb0fe0e7-b776-4c73-8ce6-4609b164218c_1024x1024@2x-300x194.webp\" alt=\"\" width=\"300\" height=\"194\" srcset=\"https:\/\/bitessiulai.lt\/wp-content\/uploads\/2025\/07\/image_eb0fe0e7-b776-4c73-8ce6-4609b164218c_1024x1024@2x-300x194.webp 300w, https:\/\/bitessiulai.lt\/wp-content\/uploads\/2025\/07\/image_eb0fe0e7-b776-4c73-8ce6-4609b164218c_1024x1024@2x-1024x663.webp 1024w, https:\/\/bitessiulai.lt\/wp-content\/uploads\/2025\/07\/image_eb0fe0e7-b776-4c73-8ce6-4609b164218c_1024x1024@2x-768x497.webp 768w, https:\/\/bitessiulai.lt\/wp-content\/uploads\/2025\/07\/image_eb0fe0e7-b776-4c73-8ce6-4609b164218c_1024x1024@2x-1536x994.webp 1536w, https:\/\/bitessiulai.lt\/wp-content\/uploads\/2025\/07\/image_eb0fe0e7-b776-4c73-8ce6-4609b164218c_1024x1024@2x-18x12.webp 18w, https:\/\/bitessiulai.lt\/wp-content\/uploads\/2025\/07\/image_eb0fe0e7-b776-4c73-8ce6-4609b164218c_1024x1024@2x-600x388.webp 600w, https:\/\/bitessiulai.lt\/wp-content\/uploads\/2025\/07\/image_eb0fe0e7-b776-4c73-8ce6-4609b164218c_1024x1024@2x-150x97.webp 150w, https:\/\/bitessiulai.lt\/wp-content\/uploads\/2025\/07\/image_eb0fe0e7-b776-4c73-8ce6-4609b164218c_1024x1024@2x.webp 2048w\" sizes=\"(max-width: 300px) 100vw, 300px\" \/> <img decoding=\"async\" class=\"alignnone size-medium wp-image-14108\" src=\"http:\/\/bitessiulai.lt\/wp-content\/uploads\/2025\/07\/CypreinterchangeableneedlesatLoopLondon-300x300.webp\" alt=\"\" width=\"300\" height=\"300\" srcset=\"https:\/\/bitessiulai.lt\/wp-content\/uploads\/2025\/07\/CypreinterchangeableneedlesatLoopLondon-300x300.webp 300w, https:\/\/bitessiulai.lt\/wp-content\/uploads\/2025\/07\/CypreinterchangeableneedlesatLoopLondon-150x150.webp 150w, https:\/\/bitessiulai.lt\/wp-content\/uploads\/2025\/07\/CypreinterchangeableneedlesatLoopLondon-12x12.webp 12w, https:\/\/bitessiulai.lt\/wp-content\/uploads\/2025\/07\/CypreinterchangeableneedlesatLoopLondon-96x96.webp 96w, https:\/\/bitessiulai.lt\/wp-content\/uploads\/2025\/07\/CypreinterchangeableneedlesatLoopLondon.webp 591w\" sizes=\"(max-width: 300px) 100vw, 300px\" \/><\/p>\n<p><b>LYKKE ZYPERN <\/b>\u2013 es handelt sich um handgefertigte, hochwertige Nadeln aus Kupfer.<\/p>\n<p>Die Nadeln haben ihren eigenen einzigartigen Farbton, daher kann jede Nadel im Set leicht abweichen.<\/p>\n<p><span class=\"weight900\">\u00dcber LYKKE<\/span> Die Nadelgr\u00f6\u00dfen sind eingraviert, das Set wird in einem sch\u00f6nen Etui aus \u00d6koleder mit Taschen pr\u00e4sentiert, jedes Werkzeug hat seinen eigenen Platz, so dass Ordnung wirklich garantiert ist \ud83d\ude42<\/p>","protected":false},"excerpt":{"rendered":"<p>LYKKE CYPRA prisukam\u0173 varini\u0173 virbal\u0173 rinkinys: 12vnt. prisukam\u0173 virbal\u0173 (3,25mm, 3,5 mm, 3.75 mm, 4.0 mm, 4.5 mm, 5.0 mm, 5.5 mm, 6.0 mm, 6.5 mm, 8.0mm, 9.0mm, 10.00mm.) 5vnt. prisukam\u0173 val\u0173 (\u00a02vnt. x 60 cm, 2vnt. x 80 cm, 1vnt. x 100 cm) 2\u00a0val\u0173 jungtys,\u00a08\u00a0stabd\u017eiukai,\u00a04 priver\u017eimo rakteliai. Virbal\u0173 ilgis: 11,5cm. LYKKE CYPRA \u2013 tai rank\u0173 darbo, auk\u0161tos kokyb\u0117s virbalai, pagaminti i\u0161 vario. Virbalai pasi\u017eymi savo unikaliu spalvos atpalviu, tod\u0117l kiekvienas virbalas rinkinyje gali \u0161iektiek skirtis. Ant LYKKE virbal\u0173 yra i\u0161graviruoti dyd\u017eiai, rinkinys pateiktas gra\u017eiame eko odos d\u0117kle su ki\u0161en\u0117liais, kiekviena priemon\u0117 turi savo viet\u0105, tod\u0117l tvarka tikrai garantuota \ud83d\ude42<\/p>","protected":false},"featured_media":14109,"comment_status":"open","ping_status":"closed","template":"","meta":[],"product_brand":[],"product_cat":[180,2124,181],"product_tag":[],"giftcard-category":[],"class_list":{"0":"post-14106","1":"product","2":"type-product","3":"status-publish","4":"has-post-thumbnail","6":"product_cat-mezgimo-priemones","7":"product_cat-lykke","8":"product_cat-virbalu-rinkiniai","10":"first","11":"outofstock","12":"taxable","13":"shipping-taxable","14":"purchasable","15":"product-type-simple"},"_links":{"self":[{"href":"https:\/\/bitessiulai.lt\/de\/wp-json\/wp\/v2\/product\/14106","targetHints":{"allow":["GET"]}}],"collection":[{"href":"https:\/\/bitessiulai.lt\/de\/wp-json\/wp\/v2\/product"}],"about":[{"href":"https:\/\/bitessiulai.lt\/de\/wp-json\/wp\/v2\/types\/product"}],"replies":[{"embeddable":true,"href":"https:\/\/bitessiulai.lt\/de\/wp-json\/wp\/v2\/comments?post=14106"}],"version-history":[{"count":0,"href":"https:\/\/bitessiulai.lt\/de\/wp-json\/wp\/v2\/product\/14106\/revisions"}],"wp:featuredmedia":[{"embeddable":true,"href":"https:\/\/bitessiulai.lt\/de\/wp-json\/wp\/v2\/media\/14109"}],"wp:attachment":[{"href":"https:\/\/bitessiulai.lt\/de\/wp-json\/wp\/v2\/media?parent=14106"}],"wp:term":[{"taxonomy":"product_brand","embeddable":true,"href":"https:\/\/bitessiulai.lt\/de\/wp-json\/wp\/v2\/product_brand?post=14106"},{"taxonomy":"product_cat","embeddable":true,"href":"https:\/\/bitessiulai.lt\/de\/wp-json\/wp\/v2\/product_cat?post=14106"},{"taxonomy":"product_tag","embeddable":true,"href":"https:\/\/bitessiulai.lt\/de\/wp-json\/wp\/v2\/product_tag?post=14106"},{"taxonomy":"giftcard-category","embeddable":true,"href":"https:\/\/bitessiulai.lt\/de\/wp-json\/wp\/v2\/giftcard-category?post=14106"}],"curies":[{"name":"wp","href":"https:\/\/api.w.org\/{rel}","templated":true}]}}