{"id":12316,"date":"2025-05-17T14:36:19","date_gmt":"2025-05-17T11:36:19","guid":{"rendered":"https:\/\/bitessiulai.lt\/?post_type=product&#038;p=12316"},"modified":"2026-01-30T21:59:14","modified_gmt":"2026-01-30T19:59:14","slug":"scheepjes-tuva-diy-rinkinys-zuikute-sunny-the-bunny","status":"publish","type":"product","link":"https:\/\/bitessiulai.lt\/de\/produkt\/scheepjes-tuva-diy-rinkinys-zuikute-sunny-the-bunny\/","title":{"rendered":"Scheepjes Tuva DIY-Kit - Sunny das H\u00e4schen"},"content":{"rendered":"<p>Scheepjes Tuva DIY-Kit - Sunny das H\u00e4schen. Amigurumi-Spielzeug-Kit. In diesem Kit finden Sie alles, was Sie zum Basteln eines Spielzeugs ben\u00f6tigen. Dies ist eine tolle Besch\u00e4ftigung oder Freizeitbesch\u00e4ftigung mit Kindern. Alles ist in einer sch\u00f6nen Schachtel verpackt, eine tolle Geschenkidee.<\/p>\n<p>Das Set beinhaltet:<\/p>\n<ul>\n<li>Scheepljes Catona \u2013 100% merzerisierter Baumwollfaden<\/li>\n<li>F\u00fcllstoff<\/li>\n<li>Vase<\/li>\n<li>Nadel<\/li>\n<li>Schema (auf Englisch, T\u00fcrkisch und Niederl\u00e4ndisch)<\/li>\n<li>Weiteres notwendiges Zubeh\u00f6r<\/li>\n<\/ul>","protected":false},"excerpt":{"rendered":"<p>Scheepjes Tuva DIY rinkinys &#8211; zuikut\u0117 Sunny the Bunny. Amigurumi \u017eaisl\u0173 rinkinys. \u0160iame rinkinyje rasite visk\u0105 ko Jums prireiks \u017eaisliuko gamybai. Tai puikus u\u017esi\u0117mimas ar laisvailaikio praleidimas su vaikais. Viskas supakuota gra\u017eioje d\u0117\u017eut\u0117je, puiki id\u0117ja dovanai. Rinkin\u012f sudaro: Scheepljes Catona &#8211; 100% merserizuotos medviln\u0117s si\u016blai U\u017epildas V\u0105\u0161elis Adata Schema (angl\u0173, turk\u0173 ir oland\u0173 kalbomis) Kiti reikalingi aksesuarai<\/p>","protected":false},"featured_media":12317,"comment_status":"open","ping_status":"closed","template":"","meta":[],"product_brand":[],"product_cat":[192,2477,217],"product_tag":[],"giftcard-category":[],"class_list":{"0":"post-12316","1":"product","2":"type-product","3":"status-publish","4":"has-post-thumbnail","6":"product_cat-priedai-mezgimui","7":"product_cat-amigurumi-rinkiniai","8":"product_cat-isparduotuve","10":"first","11":"instock","12":"sale","13":"taxable","14":"shipping-taxable","15":"purchasable","16":"product-type-simple"},"_links":{"self":[{"href":"https:\/\/bitessiulai.lt\/de\/wp-json\/wp\/v2\/product\/12316","targetHints":{"allow":["GET"]}}],"collection":[{"href":"https:\/\/bitessiulai.lt\/de\/wp-json\/wp\/v2\/product"}],"about":[{"href":"https:\/\/bitessiulai.lt\/de\/wp-json\/wp\/v2\/types\/product"}],"replies":[{"embeddable":true,"href":"https:\/\/bitessiulai.lt\/de\/wp-json\/wp\/v2\/comments?post=12316"}],"version-history":[{"count":0,"href":"https:\/\/bitessiulai.lt\/de\/wp-json\/wp\/v2\/product\/12316\/revisions"}],"wp:featuredmedia":[{"embeddable":true,"href":"https:\/\/bitessiulai.lt\/de\/wp-json\/wp\/v2\/media\/12317"}],"wp:attachment":[{"href":"https:\/\/bitessiulai.lt\/de\/wp-json\/wp\/v2\/media?parent=12316"}],"wp:term":[{"taxonomy":"product_brand","embeddable":true,"href":"https:\/\/bitessiulai.lt\/de\/wp-json\/wp\/v2\/product_brand?post=12316"},{"taxonomy":"product_cat","embeddable":true,"href":"https:\/\/bitessiulai.lt\/de\/wp-json\/wp\/v2\/product_cat?post=12316"},{"taxonomy":"product_tag","embeddable":true,"href":"https:\/\/bitessiulai.lt\/de\/wp-json\/wp\/v2\/product_tag?post=12316"},{"taxonomy":"giftcard-category","embeddable":true,"href":"https:\/\/bitessiulai.lt\/de\/wp-json\/wp\/v2\/giftcard-category?post=12316"}],"curies":[{"name":"wp","href":"https:\/\/api.w.org\/{rel}","templated":true}]}}