{"id":12263,"date":"2025-05-17T13:06:33","date_gmt":"2025-05-17T10:06:33","guid":{"rendered":"https:\/\/bitessiulai.lt\/?post_type=product&#038;p=12263"},"modified":"2026-03-30T13:43:51","modified_gmt":"2026-03-30T10:43:51","slug":"prisukami-chiaogoo-twist-virbalai-13cm","status":"publish","type":"product","link":"https:\/\/bitessiulai.lt\/de\/produkt\/prisukami-chiaogoo-twist-virbalai-13cm\/","title":{"rendered":"ChiaoGoo Twist Stricknadeln 13cm"},"content":{"rendered":"<p><span style=\"letter-spacing: 0px;\"><strong>ChiaoGoo Twist Stricknadeln 13 cm sind von unglaublicher Qualit\u00e4t und sehr vielseitig.<\/strong> Die Nadeln sind in verschiedenen Gr\u00f6\u00dfen erh\u00e4ltlich, damit Sie das perfekte Projekt stricken k\u00f6nnen, von d\u00fcnn (2,75 mm) bis dick (10,00 mm). Ihre Vielseitigkeit macht sie f\u00fcr eine gro\u00dfe Bandbreite an (Rund-)Strickprojekten geeignet, von Artikeln mit wenigen Maschen, d\u00fcnnen Garnen oder kleinen Durchmessern wie Socken, Handschuhen, M\u00fctzen oder Babykleidung bis hin zu Projekten mit vielen Maschen oder dicken Garnen wie Westen, Decken oder Schals. Diese Edelstahlnadeln haben eine sehr spitze Spitze (Lace Tip) und eignen sich daher f\u00fcr Strickmuster mit vielen Maschen wie Lochmuster, Puffmaschen, Noppenstricken und Flechten. Sie sind au\u00dferdem sehr einfach zu verwenden: Die glatte Oberfl\u00e4che sorgt daf\u00fcr, dass das Garn leicht von den Nadeln gleitet, und die matte Oberfl\u00e4che reflektiert kein Licht, wodurch die Sicht auf Ihre Arbeit normalerweise erschwert wird. Edelstahl ist hypoallergen und daher f\u00fcr die meisten Menschen mit einer Nickelallergie geeignet. Die Stahllegierung ist sehr robust, verschlei\u00dffest, leicht und vollst\u00e4ndig recycelbar.<\/span><\/p>\n<p><strong>2,75 mm \u2013 5,00 mm<\/strong>\u00a0Nadeln \u2013\u00a0<strong>Gr\u00f6\u00dfe S<\/strong> \u2013 passt zu S-Size-Leinen<br \/>\n<strong>6,00 mm \u2013 10,00 mm<\/strong>\u00a0Nadeln \u2013\u00a0<strong>Gr\u00f6\u00dfe L<\/strong> \u2013 passt zu Leinen der Gr\u00f6\u00dfe L<\/p>\n<div class=\"value\">\n<p>&nbsp;<\/p>\n<\/div>","protected":false},"excerpt":{"rendered":"<p>Prisukami ChiaoGoo Twist virbalai 13cm yra ne\u012ftik\u0117tinai kokybi\u0161ki ir labai universal\u016bs. Virblai \u012fvairaus dyd\u017eio, kad sukurtum\u0117te tobul\u0105 projekt\u0105 \u2013 nuo \u200b\u200bplon\u0173 (2,75 mm) iki stor\u0173 (10,00 mm).D\u0117l savo universalumo jie tinka \u012fvairiems (apskrito) mezgimo projektams \u2013 nuo \u200b\u200bgamini\u0173 su nedaug aki\u0173, plonais si\u016blais ar ma\u017eo skersmens, pavyzd\u017eiui, kojini\u0173, pir\u0161tini\u0173, kepuri\u0173 ar k\u016bdiki\u0173 drabu\u017ei\u0173, iki projekt\u0173 su daugybe aki\u0173 ar stambaus si\u016blo, pavyzd\u017eiui, liemeni\u0173, antklod\u017ei\u0173 ar skar\u0173. \u0160ios ner\u016bdijan\u010dio plieno virbalai yra labai smail\u016bs (n\u0117rini\u0173 galiukais), tod\u0117l tinka mezgimo ra\u0161tams su daugybe aki\u0173, pavyzd\u017eiui, n\u0117rini\u0173 ra\u0161tams, p\u016bstiems dygsniams, burbuliniam mezgimui ir pyni\u0173 mezgimui. Juos taip pat labai lengva naudoti: lygus pavir\u0161ius u\u017etikrina, kad si\u016blai lengvai slyst\u0173 nuo virbal\u0173, o matinis pavir\u0161ius neatspind\u0117s \u0161viesos, d\u0117l kurios paprastai sunku matyti j\u016bs\u0173 darb\u0105. Ner\u016bdijantis plienas yra hipoalerginis, tai rei\u0161kia, kad j\u012f gali naudoti dauguma \u017emoni\u0173, alergi\u0161k\u0173 nikeliui. Plieno lydinys yra labai tvirtas, atsparus dilimui, lengvas ir visi\u0161kai perdirbamas. 2,75 mm \u2013 5.00 mm\u00a0virbalai \u2013\u00a0S dyd\u017eio \u2013 tinka su S dyd\u017eio valais 6.00 mm \u2013 10.00 mm\u00a0virbalai \u2013\u00a0L dyd\u017eio \u2013 tinka su L dyd\u017eio valais &nbsp;<\/p>","protected":false},"featured_media":12279,"comment_status":"open","ping_status":"closed","template":"","meta":[],"product_brand":[],"product_cat":[180,2419,183],"product_tag":[],"giftcard-category":[],"class_list":{"0":"post-12263","1":"product","2":"type-product","3":"status-publish","4":"has-post-thumbnail","6":"product_cat-mezgimo-priemones","7":"product_cat-chiaogoo","8":"product_cat-virbalai-su-valu","10":"first","11":"instock","12":"taxable","13":"shipping-taxable","14":"purchasable","15":"product-type-variable"},"_links":{"self":[{"href":"https:\/\/bitessiulai.lt\/de\/wp-json\/wp\/v2\/product\/12263","targetHints":{"allow":["GET"]}}],"collection":[{"href":"https:\/\/bitessiulai.lt\/de\/wp-json\/wp\/v2\/product"}],"about":[{"href":"https:\/\/bitessiulai.lt\/de\/wp-json\/wp\/v2\/types\/product"}],"replies":[{"embeddable":true,"href":"https:\/\/bitessiulai.lt\/de\/wp-json\/wp\/v2\/comments?post=12263"}],"version-history":[{"count":1,"href":"https:\/\/bitessiulai.lt\/de\/wp-json\/wp\/v2\/product\/12263\/revisions"}],"predecessor-version":[{"id":21394,"href":"https:\/\/bitessiulai.lt\/de\/wp-json\/wp\/v2\/product\/12263\/revisions\/21394"}],"wp:featuredmedia":[{"embeddable":true,"href":"https:\/\/bitessiulai.lt\/de\/wp-json\/wp\/v2\/media\/12279"}],"wp:attachment":[{"href":"https:\/\/bitessiulai.lt\/de\/wp-json\/wp\/v2\/media?parent=12263"}],"wp:term":[{"taxonomy":"product_brand","embeddable":true,"href":"https:\/\/bitessiulai.lt\/de\/wp-json\/wp\/v2\/product_brand?post=12263"},{"taxonomy":"product_cat","embeddable":true,"href":"https:\/\/bitessiulai.lt\/de\/wp-json\/wp\/v2\/product_cat?post=12263"},{"taxonomy":"product_tag","embeddable":true,"href":"https:\/\/bitessiulai.lt\/de\/wp-json\/wp\/v2\/product_tag?post=12263"},{"taxonomy":"giftcard-category","embeddable":true,"href":"https:\/\/bitessiulai.lt\/de\/wp-json\/wp\/v2\/giftcard-category?post=12263"}],"curies":[{"name":"wp","href":"https:\/\/api.w.org\/{rel}","templated":true}]}}