{"id":12084,"date":"2025-05-08T17:37:28","date_gmt":"2025-05-08T14:37:28","guid":{"rendered":"https:\/\/bitessiulai.lt\/?post_type=product&#038;p=12084"},"modified":"2026-04-23T17:01:55","modified_gmt":"2026-04-23T14:01:55","slug":"rico-design-creative-jazz-up","status":"publish","type":"product","link":"https:\/\/bitessiulai.lt\/de\/produkt\/rico-design-creative-jazz-up\/","title":{"rendered":"Rico Design Creative Jazz Up"},"content":{"rendered":"<p>Rico Design Creative Jazz Up Qualit\u00e4tsgarne sind clevere Zusatzgarne, die Ihr Projekt in jeder Situation fantastisch aussehen lassen: Lassen Sie die Creative Jazz Up Garne einfach flie\u00dfen. Der d\u00fcnne Tr\u00e4gerfaden ist mit mehrfarbigen Tweed-B\u00fcscheln versehen.<\/p>\n<p><img fetchpriority=\"high\" decoding=\"async\" class=\"alignnone size-medium wp-image-12085\" src=\"http:\/\/bitessiulai.lt\/wp-content\/uploads\/2025\/05\/619863-383300.005_3_1920x1920-300x300.jpg\" alt=\"\" width=\"300\" height=\"300\" srcset=\"https:\/\/bitessiulai.lt\/wp-content\/uploads\/2025\/05\/619863-383300.005_3_1920x1920-300x300.jpg 300w, https:\/\/bitessiulai.lt\/wp-content\/uploads\/2025\/05\/619863-383300.005_3_1920x1920-1024x1024.jpg 1024w, https:\/\/bitessiulai.lt\/wp-content\/uploads\/2025\/05\/619863-383300.005_3_1920x1920-150x150.jpg 150w, https:\/\/bitessiulai.lt\/wp-content\/uploads\/2025\/05\/619863-383300.005_3_1920x1920-768x768.jpg 768w, https:\/\/bitessiulai.lt\/wp-content\/uploads\/2025\/05\/619863-383300.005_3_1920x1920-600x600.jpg 600w, https:\/\/bitessiulai.lt\/wp-content\/uploads\/2025\/05\/619863-383300.005_3_1920x1920-96x96.jpg 96w, https:\/\/bitessiulai.lt\/wp-content\/uploads\/2025\/05\/619863-383300.005_3_1920x1920.jpg 1500w\" sizes=\"(max-width: 300px) 100vw, 300px\" \/> <img decoding=\"async\" class=\"alignnone size-medium wp-image-12086\" src=\"http:\/\/bitessiulai.lt\/wp-content\/uploads\/2025\/05\/619851-383300.003_3_1920x1920-300x300.jpg\" alt=\"\" width=\"300\" height=\"300\" srcset=\"https:\/\/bitessiulai.lt\/wp-content\/uploads\/2025\/05\/619851-383300.003_3_1920x1920-300x300.jpg 300w, https:\/\/bitessiulai.lt\/wp-content\/uploads\/2025\/05\/619851-383300.003_3_1920x1920-1024x1024.jpg 1024w, https:\/\/bitessiulai.lt\/wp-content\/uploads\/2025\/05\/619851-383300.003_3_1920x1920-150x150.jpg 150w, https:\/\/bitessiulai.lt\/wp-content\/uploads\/2025\/05\/619851-383300.003_3_1920x1920-768x768.jpg 768w, https:\/\/bitessiulai.lt\/wp-content\/uploads\/2025\/05\/619851-383300.003_3_1920x1920-600x600.jpg 600w, https:\/\/bitessiulai.lt\/wp-content\/uploads\/2025\/05\/619851-383300.003_3_1920x1920-96x96.jpg 96w, https:\/\/bitessiulai.lt\/wp-content\/uploads\/2025\/05\/619851-383300.003_3_1920x1920.jpg 1500w\" sizes=\"(max-width: 300px) 100vw, 300px\" \/> <img decoding=\"async\" class=\"alignnone size-medium wp-image-12087\" src=\"http:\/\/bitessiulai.lt\/wp-content\/uploads\/2025\/05\/619845-383300.002_AW_1_1920x1920-300x300.jpg\" alt=\"\" width=\"300\" height=\"300\" srcset=\"https:\/\/bitessiulai.lt\/wp-content\/uploads\/2025\/05\/619845-383300.002_AW_1_1920x1920-300x300.jpg 300w, https:\/\/bitessiulai.lt\/wp-content\/uploads\/2025\/05\/619845-383300.002_AW_1_1920x1920-1024x1024.jpg 1024w, https:\/\/bitessiulai.lt\/wp-content\/uploads\/2025\/05\/619845-383300.002_AW_1_1920x1920-150x150.jpg 150w, https:\/\/bitessiulai.lt\/wp-content\/uploads\/2025\/05\/619845-383300.002_AW_1_1920x1920-768x768.jpg 768w, https:\/\/bitessiulai.lt\/wp-content\/uploads\/2025\/05\/619845-383300.002_AW_1_1920x1920-600x600.jpg 600w, https:\/\/bitessiulai.lt\/wp-content\/uploads\/2025\/05\/619845-383300.002_AW_1_1920x1920-96x96.jpg 96w, https:\/\/bitessiulai.lt\/wp-content\/uploads\/2025\/05\/619845-383300.002_AW_1_1920x1920.jpg 1500w\" sizes=\"(max-width: 300px) 100vw, 300px\" \/><\/p>\n<p>*Die Farben, die Sie auf Ihrem Bildschirm sehen, k\u00f6nnen leicht von der tats\u00e4chlichen Garnfarbe abweichen.<\/p>","protected":false},"excerpt":{"rendered":"<p>Zusammensetzung: 100 % Polyester<\/p>\n<p>Gewicht\/L\u00e4nge: 25 g = ca. 285 m.<\/p>\n<p>Empfohlene Nadelst\u00e4rke: Die Nadelst\u00e4rke h\u00e4ngt von der Dicke des Garns ab, mit dem Sie diese Rico Design Creative Jazz Up stricken werden.<\/p>","protected":false},"featured_media":12093,"comment_status":"open","ping_status":"closed","template":"","meta":[],"product_brand":[],"product_cat":[173,3340,915,177,328,2432,174,175],"product_tag":[],"giftcard-category":[],"class_list":{"0":"post-12084","1":"product","2":"type-product","3":"status-publish","4":"has-post-thumbnail","6":"product_cat-siulai","7":"product_cat-creative-jazz-up","8":"product_cat-dekoratyviniai-siulai","9":"product_cat-mezgimo-siulai","10":"product_cat-poliesteris","11":"product_cat-rico-design","12":"product_cat-siulu-gamintojai","13":"product_cat-siulu-pluostai","15":"first","16":"instock","17":"taxable","18":"shipping-taxable","19":"purchasable","20":"product-type-variable"},"_links":{"self":[{"href":"https:\/\/bitessiulai.lt\/de\/wp-json\/wp\/v2\/product\/12084","targetHints":{"allow":["GET"]}}],"collection":[{"href":"https:\/\/bitessiulai.lt\/de\/wp-json\/wp\/v2\/product"}],"about":[{"href":"https:\/\/bitessiulai.lt\/de\/wp-json\/wp\/v2\/types\/product"}],"replies":[{"embeddable":true,"href":"https:\/\/bitessiulai.lt\/de\/wp-json\/wp\/v2\/comments?post=12084"}],"version-history":[{"count":1,"href":"https:\/\/bitessiulai.lt\/de\/wp-json\/wp\/v2\/product\/12084\/revisions"}],"predecessor-version":[{"id":22717,"href":"https:\/\/bitessiulai.lt\/de\/wp-json\/wp\/v2\/product\/12084\/revisions\/22717"}],"wp:featuredmedia":[{"embeddable":true,"href":"https:\/\/bitessiulai.lt\/de\/wp-json\/wp\/v2\/media\/12093"}],"wp:attachment":[{"href":"https:\/\/bitessiulai.lt\/de\/wp-json\/wp\/v2\/media?parent=12084"}],"wp:term":[{"taxonomy":"product_brand","embeddable":true,"href":"https:\/\/bitessiulai.lt\/de\/wp-json\/wp\/v2\/product_brand?post=12084"},{"taxonomy":"product_cat","embeddable":true,"href":"https:\/\/bitessiulai.lt\/de\/wp-json\/wp\/v2\/product_cat?post=12084"},{"taxonomy":"product_tag","embeddable":true,"href":"https:\/\/bitessiulai.lt\/de\/wp-json\/wp\/v2\/product_tag?post=12084"},{"taxonomy":"giftcard-category","embeddable":true,"href":"https:\/\/bitessiulai.lt\/de\/wp-json\/wp\/v2\/giftcard-category?post=12084"}],"curies":[{"name":"wp","href":"https:\/\/api.w.org\/{rel}","templated":true}]}}