{"id":11867,"date":"2025-04-27T11:01:05","date_gmt":"2025-04-27T08:01:05","guid":{"rendered":"https:\/\/bitessiulai.lt\/?post_type=product&#038;p=11867"},"modified":"2025-09-12T16:06:17","modified_gmt":"2025-09-12T13:06:17","slug":"scheepjes-medinis-mezgejos-dubuo-2","status":"publish","type":"product","link":"https:\/\/bitessiulai.lt\/de\/produkt\/scheepjes-medinis-mezgejos-dubuo-2\/","title":{"rendered":"Scheepjes Strickschale aus Holz"},"content":{"rendered":"<p>Die h\u00f6lzerne Strickschale von Scheepjes ist ideal zum ordentlichen Aufbewahren und Ausgeben von Garn beim Stricken oder H\u00e4keln. Legen Sie einfach einen Wollkn\u00e4uel in die Schale und f\u00e4deln Sie den losen \u00e4u\u00dferen oder inneren Faden durch den Spiralschlitz, je nach Wunsch. Durch die Kontrolle der Garnausgabe k\u00f6nnen Sie das Stricken oder H\u00e4keln genie\u00dfen, ohne sich um Verwicklungen oder Ausleiern sorgen zu m\u00fcssen! Diese praktische Garnschale ist aus verschiedenen Holzarten mit jeweils einzigartigem Design gefertigt und misst 14,5 x 10 cm. Jede Schale ist handgefertigt und daher ein wenig anders und einzigartig!<\/p>\n<p>*Die auf dem Bildschirm angezeigten Farben k\u00f6nnen leicht von der tats\u00e4chlichen Farbe abweichen.<\/p>","protected":false},"excerpt":{"rendered":"<p>Scheepjes medinis mezg\u0117jos dubuo idealiai tinka norint tvarkingai laikyti ir i\u0161leisti verpalus mezgant ar neriant. Tiesiog \u012fd\u0117kite si\u016bl\u0173 rutul\u012f \u012f duben\u012f ir per spiralin\u0119 i\u0161pjov\u0105 perverkite laisv\u0105 i\u0161orin\u0119 arba vidin\u0119 sruog\u0105, priklausomai nuo j\u016bs\u0173 pageidavim\u0173. Kontroliuodami verpal\u0173 i\u0161leidimo temp\u0105, m\u0117gaukit\u0117s mezgimu ar n\u0117rimu nesijaudindami d\u0117l susipainiojimo ar tempimo! \u0160is prakti\u0161kas verpal\u0173 dubuo yra pagamintas i\u0161 skirting\u0173 medienos r\u016b\u0161i\u0173, kuri\u0173 kiekvienas turi unikal\u0173 dizain\u0105 ir yra 14,5 x 10 cm dyd\u017eio. Kiekvienas duben\u0117lis yra rank\u0173 darbo, tod\u0117l kiekvienas dubuo yra \u0161iek tiek kitoks ir unikalus! *Ekrane matomos spalvos gali \u0161iek tiek skirtis nuo tikrosios spalvos.<\/p>","protected":false},"featured_media":11868,"comment_status":"open","ping_status":"closed","template":"","meta":[],"product_brand":[],"product_cat":[192,916],"product_tag":[],"giftcard-category":[],"class_list":{"0":"post-11867","1":"product","2":"type-product","3":"status-publish","4":"has-post-thumbnail","6":"product_cat-priedai-mezgimui","7":"product_cat-kitos-priemones","9":"first","10":"instock","11":"taxable","12":"shipping-taxable","13":"purchasable","14":"product-type-simple"},"_links":{"self":[{"href":"https:\/\/bitessiulai.lt\/de\/wp-json\/wp\/v2\/product\/11867","targetHints":{"allow":["GET"]}}],"collection":[{"href":"https:\/\/bitessiulai.lt\/de\/wp-json\/wp\/v2\/product"}],"about":[{"href":"https:\/\/bitessiulai.lt\/de\/wp-json\/wp\/v2\/types\/product"}],"replies":[{"embeddable":true,"href":"https:\/\/bitessiulai.lt\/de\/wp-json\/wp\/v2\/comments?post=11867"}],"version-history":[{"count":0,"href":"https:\/\/bitessiulai.lt\/de\/wp-json\/wp\/v2\/product\/11867\/revisions"}],"wp:featuredmedia":[{"embeddable":true,"href":"https:\/\/bitessiulai.lt\/de\/wp-json\/wp\/v2\/media\/11868"}],"wp:attachment":[{"href":"https:\/\/bitessiulai.lt\/de\/wp-json\/wp\/v2\/media?parent=11867"}],"wp:term":[{"taxonomy":"product_brand","embeddable":true,"href":"https:\/\/bitessiulai.lt\/de\/wp-json\/wp\/v2\/product_brand?post=11867"},{"taxonomy":"product_cat","embeddable":true,"href":"https:\/\/bitessiulai.lt\/de\/wp-json\/wp\/v2\/product_cat?post=11867"},{"taxonomy":"product_tag","embeddable":true,"href":"https:\/\/bitessiulai.lt\/de\/wp-json\/wp\/v2\/product_tag?post=11867"},{"taxonomy":"giftcard-category","embeddable":true,"href":"https:\/\/bitessiulai.lt\/de\/wp-json\/wp\/v2\/giftcard-category?post=11867"}],"curies":[{"name":"wp","href":"https:\/\/api.w.org\/{rel}","templated":true}]}}