{"id":11748,"date":"2025-04-17T08:35:52","date_gmt":"2025-04-17T05:35:52","guid":{"rendered":"https:\/\/bitessiulai.lt\/?post_type=product&#038;p=11748"},"modified":"2026-04-17T23:58:26","modified_gmt":"2026-04-17T20:58:26","slug":"rico-design-creative-make-it-tweed-neon","status":"publish","type":"product","link":"https:\/\/bitessiulai.lt\/de\/produkt\/rico-design-creative-make-it-tweed-neon\/","title":{"rendered":"Rico Design Creative Make It Tweed Neon"},"content":{"rendered":"<p><strong>Rico Design Creative Make it Tweed Neon<\/strong> \u2013 ist ein dekoratives Garn eines deutschen Herstellers. Dieses Strickgarn besticht durch leuchtende Neonfarben und eine interessante Textur. Verstricken Sie dieses d\u00fcnne, mit Donuts verzierte Garn mit fast jedem anderen Garn und erzielen Sie einen Tweed-Effekt in Ihrem Strickst\u00fcck. Besonders effektvoll wirkt es in flauschigen Garnen, zum Beispiel in Kombination mit Mohairgarn. Geeignet zum Stricken von Kleidung und modischen Accessoires.<\/p>\n<p><img fetchpriority=\"high\" decoding=\"async\" class=\"alignnone size-medium wp-image-11749\" src=\"http:\/\/bitessiulai.lt\/wp-content\/uploads\/2025\/04\/881311-904018.051_ML_1_Q_1920x1920-300x300.jpg\" alt=\"\" width=\"300\" height=\"300\" srcset=\"https:\/\/bitessiulai.lt\/wp-content\/uploads\/2025\/04\/881311-904018.051_ML_1_Q_1920x1920-300x300.jpg 300w, https:\/\/bitessiulai.lt\/wp-content\/uploads\/2025\/04\/881311-904018.051_ML_1_Q_1920x1920-1024x1024.jpg 1024w, https:\/\/bitessiulai.lt\/wp-content\/uploads\/2025\/04\/881311-904018.051_ML_1_Q_1920x1920-150x150.jpg 150w, https:\/\/bitessiulai.lt\/wp-content\/uploads\/2025\/04\/881311-904018.051_ML_1_Q_1920x1920-768x768.jpg 768w, https:\/\/bitessiulai.lt\/wp-content\/uploads\/2025\/04\/881311-904018.051_ML_1_Q_1920x1920-12x12.jpg 12w, https:\/\/bitessiulai.lt\/wp-content\/uploads\/2025\/04\/881311-904018.051_ML_1_Q_1920x1920-600x600.jpg 600w, https:\/\/bitessiulai.lt\/wp-content\/uploads\/2025\/04\/881311-904018.051_ML_1_Q_1920x1920-96x96.jpg 96w, https:\/\/bitessiulai.lt\/wp-content\/uploads\/2025\/04\/881311-904018.051_ML_1_Q_1920x1920.jpg 1500w\" sizes=\"(max-width: 300px) 100vw, 300px\" \/> <img decoding=\"async\" class=\"alignnone size-medium wp-image-11750\" src=\"http:\/\/bitessiulai.lt\/wp-content\/uploads\/2025\/04\/824244-904001.054_ML_1_Q_1920x1920-300x300.jpg\" alt=\"\" width=\"300\" height=\"300\" srcset=\"https:\/\/bitessiulai.lt\/wp-content\/uploads\/2025\/04\/824244-904001.054_ML_1_Q_1920x1920-300x300.jpg 300w, https:\/\/bitessiulai.lt\/wp-content\/uploads\/2025\/04\/824244-904001.054_ML_1_Q_1920x1920-1024x1024.jpg 1024w, https:\/\/bitessiulai.lt\/wp-content\/uploads\/2025\/04\/824244-904001.054_ML_1_Q_1920x1920-150x150.jpg 150w, https:\/\/bitessiulai.lt\/wp-content\/uploads\/2025\/04\/824244-904001.054_ML_1_Q_1920x1920-768x768.jpg 768w, https:\/\/bitessiulai.lt\/wp-content\/uploads\/2025\/04\/824244-904001.054_ML_1_Q_1920x1920-12x12.jpg 12w, https:\/\/bitessiulai.lt\/wp-content\/uploads\/2025\/04\/824244-904001.054_ML_1_Q_1920x1920-600x600.jpg 600w, https:\/\/bitessiulai.lt\/wp-content\/uploads\/2025\/04\/824244-904001.054_ML_1_Q_1920x1920-96x96.jpg 96w, https:\/\/bitessiulai.lt\/wp-content\/uploads\/2025\/04\/824244-904001.054_ML_1_Q_1920x1920.jpg 1500w\" sizes=\"(max-width: 300px) 100vw, 300px\" \/> <img decoding=\"async\" class=\"alignnone size-medium wp-image-11751\" src=\"http:\/\/bitessiulai.lt\/wp-content\/uploads\/2025\/04\/941705-904020_042_ML_Q_2_1920x1920-300x300.jpg\" alt=\"\" width=\"300\" height=\"300\" srcset=\"https:\/\/bitessiulai.lt\/wp-content\/uploads\/2025\/04\/941705-904020_042_ML_Q_2_1920x1920-300x300.jpg 300w, https:\/\/bitessiulai.lt\/wp-content\/uploads\/2025\/04\/941705-904020_042_ML_Q_2_1920x1920-1024x1024.jpg 1024w, https:\/\/bitessiulai.lt\/wp-content\/uploads\/2025\/04\/941705-904020_042_ML_Q_2_1920x1920-150x150.jpg 150w, https:\/\/bitessiulai.lt\/wp-content\/uploads\/2025\/04\/941705-904020_042_ML_Q_2_1920x1920-768x768.jpg 768w, https:\/\/bitessiulai.lt\/wp-content\/uploads\/2025\/04\/941705-904020_042_ML_Q_2_1920x1920-12x12.jpg 12w, https:\/\/bitessiulai.lt\/wp-content\/uploads\/2025\/04\/941705-904020_042_ML_Q_2_1920x1920-600x600.jpg 600w, https:\/\/bitessiulai.lt\/wp-content\/uploads\/2025\/04\/941705-904020_042_ML_Q_2_1920x1920-96x96.jpg 96w, https:\/\/bitessiulai.lt\/wp-content\/uploads\/2025\/04\/941705-904020_042_ML_Q_2_1920x1920.jpg 1500w\" sizes=\"(max-width: 300px) 100vw, 300px\" \/> <img loading=\"lazy\" decoding=\"async\" class=\"alignnone size-medium wp-image-11752\" src=\"http:\/\/bitessiulai.lt\/wp-content\/uploads\/2025\/04\/941598-904020.042_3780_MD_Q_1920x1920-300x300.jpg\" alt=\"\" width=\"300\" height=\"300\" srcset=\"https:\/\/bitessiulai.lt\/wp-content\/uploads\/2025\/04\/941598-904020.042_3780_MD_Q_1920x1920-300x300.jpg 300w, https:\/\/bitessiulai.lt\/wp-content\/uploads\/2025\/04\/941598-904020.042_3780_MD_Q_1920x1920-1024x1024.jpg 1024w, https:\/\/bitessiulai.lt\/wp-content\/uploads\/2025\/04\/941598-904020.042_3780_MD_Q_1920x1920-150x150.jpg 150w, https:\/\/bitessiulai.lt\/wp-content\/uploads\/2025\/04\/941598-904020.042_3780_MD_Q_1920x1920-768x768.jpg 768w, https:\/\/bitessiulai.lt\/wp-content\/uploads\/2025\/04\/941598-904020.042_3780_MD_Q_1920x1920-12x12.jpg 12w, https:\/\/bitessiulai.lt\/wp-content\/uploads\/2025\/04\/941598-904020.042_3780_MD_Q_1920x1920-600x600.jpg 600w, https:\/\/bitessiulai.lt\/wp-content\/uploads\/2025\/04\/941598-904020.042_3780_MD_Q_1920x1920-96x96.jpg 96w, https:\/\/bitessiulai.lt\/wp-content\/uploads\/2025\/04\/941598-904020.042_3780_MD_Q_1920x1920.jpg 1500w\" sizes=\"(max-width: 300px) 100vw, 300px\" \/><\/p>\n<p>&nbsp;<\/p>\n<p>*Die Farben, die Sie auf Ihrem Bildschirm sehen, k\u00f6nnen leicht von der tats\u00e4chlichen Garnfarbe abweichen.<\/p>","protected":false},"excerpt":{"rendered":"<p>Zusammensetzung: 70% Acryl, 30% Polyamid<\/p>\n<p>Gewicht\/L\u00e4nge: 50 g = ca. 460 m.<\/p>\n<p>Empfohlene Nadelst\u00e4rke: Die Nadelst\u00e4rke h\u00e4ngt von der Dicke des Garns ab, das Sie mit diesem Creative Make it Tweed Neon-Strickgarn stricken werden.<\/p>","protected":false},"featured_media":11754,"comment_status":"open","ping_status":"closed","template":"","meta":[],"product_brand":[],"product_cat":[173,326,3338,915,177,324,2432,174,175],"product_tag":[],"giftcard-category":[],"class_list":{"0":"post-11748","1":"product","2":"type-product","3":"status-publish","4":"has-post-thumbnail","6":"product_cat-siulai","7":"product_cat-akrilas","8":"product_cat-creative-make-it-tweed-neon","9":"product_cat-dekoratyviniai-siulai","10":"product_cat-mezgimo-siulai","11":"product_cat-poliamidas","12":"product_cat-rico-design","13":"product_cat-siulu-gamintojai","14":"product_cat-siulu-pluostai","16":"first","17":"instock","18":"taxable","19":"shipping-taxable","20":"purchasable","21":"product-type-variable"},"_links":{"self":[{"href":"https:\/\/bitessiulai.lt\/de\/wp-json\/wp\/v2\/product\/11748","targetHints":{"allow":["GET"]}}],"collection":[{"href":"https:\/\/bitessiulai.lt\/de\/wp-json\/wp\/v2\/product"}],"about":[{"href":"https:\/\/bitessiulai.lt\/de\/wp-json\/wp\/v2\/types\/product"}],"replies":[{"embeddable":true,"href":"https:\/\/bitessiulai.lt\/de\/wp-json\/wp\/v2\/comments?post=11748"}],"version-history":[{"count":0,"href":"https:\/\/bitessiulai.lt\/de\/wp-json\/wp\/v2\/product\/11748\/revisions"}],"wp:featuredmedia":[{"embeddable":true,"href":"https:\/\/bitessiulai.lt\/de\/wp-json\/wp\/v2\/media\/11754"}],"wp:attachment":[{"href":"https:\/\/bitessiulai.lt\/de\/wp-json\/wp\/v2\/media?parent=11748"}],"wp:term":[{"taxonomy":"product_brand","embeddable":true,"href":"https:\/\/bitessiulai.lt\/de\/wp-json\/wp\/v2\/product_brand?post=11748"},{"taxonomy":"product_cat","embeddable":true,"href":"https:\/\/bitessiulai.lt\/de\/wp-json\/wp\/v2\/product_cat?post=11748"},{"taxonomy":"product_tag","embeddable":true,"href":"https:\/\/bitessiulai.lt\/de\/wp-json\/wp\/v2\/product_tag?post=11748"},{"taxonomy":"giftcard-category","embeddable":true,"href":"https:\/\/bitessiulai.lt\/de\/wp-json\/wp\/v2\/giftcard-category?post=11748"}],"curies":[{"name":"wp","href":"https:\/\/api.w.org\/{rel}","templated":true}]}}