{"id":11659,"date":"2025-04-10T15:25:22","date_gmt":"2025-04-10T12:25:22","guid":{"rendered":"https:\/\/bitessiulai.lt\/?post_type=product&#038;p=11659"},"modified":"2025-11-29T09:23:21","modified_gmt":"2025-11-29T07:23:21","slug":"dovanu-kuponas","status":"publish","type":"product","link":"https:\/\/bitessiulai.lt\/de\/produkt\/dovanu-kuponas\/","title":{"rendered":"Elektroninis Dovan\u0173 kuponas"},"content":{"rendered":"<p><strong>Informacija apie Dovan\u0173 kupon\u0105<\/strong><\/p>\n<ul>\n<li>Dovan\u0173 kuponas galioja 3m\u0117n., pasibaigus galiojimo terminui pinigai n\u0117ra gr\u0105\u017einami<\/li>\n<li>Dovan\u0173 kupon\u0105 galima panaudoti \u012fvedus nurodyta kupono kod\u0105 (kur\u012f gausite nurodytu El.pa\u0161tu)<\/li>\n<li>Prek\u0117s pirktos su dovan\u0173 kuponu n\u0117r\u0105 kei\u010diamos ar gr\u0105\u017einamos<\/li>\n<li>Pirk\u0117jui panaudojus ma\u017eesn\u0119 kupono sum\u0105, pinigai n\u0117ra gr\u0105\u017einami<\/li>\n<li>Dovan\u0173 kuponas negr\u0105\u017einamas ir nekei\u010diamas \u012f pinigin\u0119 i\u0161rai\u0161k\u0105<\/li>\n<li>Kuponas gali b\u016bti panaudotas vieno apsipirkimo metu<\/li>\n<\/ul>\n<p><strong>Dovan\u0173 kuponas po apmok\u0117jimo i\u0161siun\u010diamas nurodytu elektroniniu pa\u0161tu.<\/strong><\/p>","protected":false},"excerpt":{"rendered":"<p><span style=\"color: #ff0000;\"><em>\u012esigytas dovan\u0173 kuponas galioja 3 m\u0117nesius.<\/em><\/span><\/p>","protected":false},"featured_media":19968,"comment_status":"closed","ping_status":"closed","template":"","meta":[],"product_brand":[],"product_cat":[216],"product_tag":[],"giftcard-category":[2422],"class_list":{"0":"post-11659","1":"product","2":"type-product","3":"status-publish","4":"has-post-thumbnail","6":"product_cat-dovanu-kuponai","7":"giftcard-category-dovanu-kuponai","9":"first","10":"instock","11":"virtual","12":"taxable","13":"purchasable","14":"product-type-gift-card"},"_links":{"self":[{"href":"https:\/\/bitessiulai.lt\/de\/wp-json\/wp\/v2\/product\/11659","targetHints":{"allow":["GET"]}}],"collection":[{"href":"https:\/\/bitessiulai.lt\/de\/wp-json\/wp\/v2\/product"}],"about":[{"href":"https:\/\/bitessiulai.lt\/de\/wp-json\/wp\/v2\/types\/product"}],"replies":[{"embeddable":true,"href":"https:\/\/bitessiulai.lt\/de\/wp-json\/wp\/v2\/comments?post=11659"}],"version-history":[{"count":0,"href":"https:\/\/bitessiulai.lt\/de\/wp-json\/wp\/v2\/product\/11659\/revisions"}],"wp:featuredmedia":[{"embeddable":true,"href":"https:\/\/bitessiulai.lt\/de\/wp-json\/wp\/v2\/media\/19968"}],"wp:attachment":[{"href":"https:\/\/bitessiulai.lt\/de\/wp-json\/wp\/v2\/media?parent=11659"}],"wp:term":[{"taxonomy":"product_brand","embeddable":true,"href":"https:\/\/bitessiulai.lt\/de\/wp-json\/wp\/v2\/product_brand?post=11659"},{"taxonomy":"product_cat","embeddable":true,"href":"https:\/\/bitessiulai.lt\/de\/wp-json\/wp\/v2\/product_cat?post=11659"},{"taxonomy":"product_tag","embeddable":true,"href":"https:\/\/bitessiulai.lt\/de\/wp-json\/wp\/v2\/product_tag?post=11659"},{"taxonomy":"giftcard-category","embeddable":true,"href":"https:\/\/bitessiulai.lt\/de\/wp-json\/wp\/v2\/giftcard-category?post=11659"}],"curies":[{"name":"wp","href":"https:\/\/api.w.org\/{rel}","templated":true}]}}