{"id":11117,"date":"2025-03-31T12:52:50","date_gmt":"2025-03-31T09:52:50","guid":{"rendered":"https:\/\/bitessiulai.lt\/?post_type=product&#038;p=11117"},"modified":"2025-12-08T09:33:30","modified_gmt":"2025-12-08T07:33:30","slug":"yarnart-ir-lanoso-rinkinukas-5","status":"publish","type":"product","link":"https:\/\/bitessiulai.lt\/de\/produkt\/yarnart-ir-lanoso-rinkinukas-5\/","title":{"rendered":"YarnArt und Lanos-Set"},"content":{"rendered":"<h6>Das YarnArt- und Lanos-Set besteht aus:<\/h6>\n<ul>\n<li>YarnArt Sommertraum 3tlg.<\/li>\n<li>Lanos Parla 5 St\u00fcck.<\/li>\n<\/ul>\n<p><strong>YarnArt Sommertraum<\/strong><\/p>\n<p><img fetchpriority=\"high\" decoding=\"async\" class=\"alignnone size-medium wp-image-11121\" src=\"http:\/\/bitessiulai.lt\/wp-content\/uploads\/2025\/03\/YARNART_SUMMER_DREAM_4315_DETAY-600x600-1-1-1-300x300.jpg\" alt=\"\" width=\"300\" height=\"300\" srcset=\"https:\/\/bitessiulai.lt\/wp-content\/uploads\/2025\/03\/YARNART_SUMMER_DREAM_4315_DETAY-600x600-1-1-1-300x300.jpg 300w, https:\/\/bitessiulai.lt\/wp-content\/uploads\/2025\/03\/YARNART_SUMMER_DREAM_4315_DETAY-600x600-1-1-1-150x150.jpg 150w, https:\/\/bitessiulai.lt\/wp-content\/uploads\/2025\/03\/YARNART_SUMMER_DREAM_4315_DETAY-600x600-1-1-1-12x12.jpg 12w, https:\/\/bitessiulai.lt\/wp-content\/uploads\/2025\/03\/YARNART_SUMMER_DREAM_4315_DETAY-600x600-1-1-1-96x96.jpg 96w, https:\/\/bitessiulai.lt\/wp-content\/uploads\/2025\/03\/YARNART_SUMMER_DREAM_4315_DETAY-600x600-1-1-1.jpg 600w\" sizes=\"(max-width: 300px) 100vw, 300px\" \/><\/p>\n<p>(Farbe: 4315)<\/p>\n<ul>\n<li dir=\"auto\"><strong>Zusammensetzung:<\/strong> 70% Baumwolle, 30% Viskose<\/li>\n<li dir=\"auto\"><strong>Gewicht\/L\u00e4nge:<\/strong> 100 g = ca. 350 m.<\/li>\n<li dir=\"auto\"><strong>Empfohlene Stricknadelst\u00e4rke:<\/strong> 3,5 mm.<\/li>\n<li dir=\"auto\"><strong>Empfohlene Gr\u00f6\u00dfe der Vase:<\/strong> 3 mm.<\/li>\n<\/ul>\n<p>&nbsp;<\/p>\n<p><span class=\"html-span xexx8yu x4uap5 x18d9i69 xkhd6sd x1hl2dhg x16tdsg8 x1vvkbs x3nfvp2 x1j61x8r x1fcty0u xdj266r xat24cr xgzva0m xhhsvwb xxymvpz xlup9mm x1kky2od\"><img decoding=\"async\" class=\"xz74otr\" src=\"https:\/\/static.xx.fbcdn.net\/images\/emoji.php\/v9\/t2d\/1\/16\/1f4cd.png\" alt=\"\ud83d\udccd\" width=\"16\" height=\"16\" \/><\/span> <strong>Preis 3,10 \u20ac<\/strong><\/p>\n<p><strong>Lanos Parla<\/strong><\/p>\n<p><img decoding=\"async\" class=\"alignnone size-medium wp-image-11120\" src=\"http:\/\/bitessiulai.lt\/wp-content\/uploads\/2025\/03\/7519170a-b3d3-4292-9bbd-edb708a63fc9-600x436-1-300x218.jpg\" alt=\"\" width=\"300\" height=\"218\" srcset=\"https:\/\/bitessiulai.lt\/wp-content\/uploads\/2025\/03\/7519170a-b3d3-4292-9bbd-edb708a63fc9-600x436-1-300x218.jpg 300w, https:\/\/bitessiulai.lt\/wp-content\/uploads\/2025\/03\/7519170a-b3d3-4292-9bbd-edb708a63fc9-600x436-1-18x12.jpg 18w, https:\/\/bitessiulai.lt\/wp-content\/uploads\/2025\/03\/7519170a-b3d3-4292-9bbd-edb708a63fc9-600x436-1-150x109.jpg 150w, https:\/\/bitessiulai.lt\/wp-content\/uploads\/2025\/03\/7519170a-b3d3-4292-9bbd-edb708a63fc9-600x436-1.jpg 600w\" sizes=\"(max-width: 300px) 100vw, 300px\" \/><\/p>\n<p>(Farbe: 3636)<\/p>\n<ul>\n<li dir=\"auto\"><strong>Zusammensetzung:<\/strong> 75% Glanzfaden, 25% Flocken (100% Polyester)<\/li>\n<li dir=\"auto\"><strong>Gewicht\/L\u00e4nge:<\/strong> \u00a025 Jahre = ungef\u00e4hr 217 Jahre.<\/li>\n<li dir=\"auto\"><strong>Empfohlene Stricknadelst\u00e4rke:<\/strong> 2 \u2013 3 mm.<\/li>\n<\/ul>\n<p>&nbsp;<\/p>\n<p><span class=\"html-span xexx8yu x4uap5 x18d9i69 xkhd6sd x1hl2dhg x16tdsg8 x1vvkbs x3nfvp2 x1j61x8r x1fcty0u xdj266r xat24cr xgzva0m xhhsvwb xxymvpz xlup9mm x1kky2od\"><img decoding=\"async\" class=\"xz74otr\" src=\"https:\/\/static.xx.fbcdn.net\/images\/emoji.php\/v9\/t2d\/1\/16\/1f4cd.png\" alt=\"\ud83d\udccd\" width=\"16\" height=\"16\" \/><\/span> <strong>Preis 2,20 \u20ac<\/strong><\/p>\n<p><span class=\"html-span xexx8yu x4uap5 x18d9i69 xkhd6sd x1hl2dhg x16tdsg8 x1vvkbs x3nfvp2 x1j61x8r x1fcty0u xdj266r xat24cr xgzva0m xhhsvwb xxymvpz xlup9mm x1kky2od\"><img decoding=\"async\" class=\"xz74otr\" src=\"https:\/\/static.xx.fbcdn.net\/images\/emoji.php\/v9\/t2d\/1\/16\/1f4cd.png\" alt=\"\ud83d\udccd\" width=\"16\" height=\"16\" \/>Wenn das Lanoso- und YarnArt-Set nicht verf\u00fcgbar ist oder eine gr\u00f6\u00dfere Menge ben\u00f6tigt wird, kontaktieren Sie uns bitte. <img decoding=\"async\" class=\"xz74otr\" src=\"https:\/\/static.xx.fbcdn.net\/images\/emoji.php\/v9\/t2d\/1\/16\/1f4cd.png\" alt=\"\ud83d\udccd\" width=\"16\" height=\"16\" \/><\/span><\/p>\n<div class=\"item\">\n<ul>\n<li class=\"text\">+370 672 44443<\/li>\n<\/ul>\n<\/div>\n<div class=\"item\">\n<ul>\n<li class=\"text\">info@bitessiulai.lt<\/li>\n<\/ul>\n<\/div>\n<p>&nbsp;<\/p>\n<p>*Die Farben, die Sie auf Ihrem Bildschirm sehen, k\u00f6nnen leicht von der tats\u00e4chlichen Garnfarbe abweichen.<\/p>","protected":false},"excerpt":{"rendered":"<p>YarnArt ir Lanoso rinkinukas sudaromas i\u0161: YarnArt Summer Dream 3vnt. Lanoso Parla 5vnt. YarnArt Summer Dream (Spalva: 4315) Sud\u0117tis: 70% medviln\u0117, 30% viskoz\u0117 Svoris\/ilgis: 100 g.= ma\u017edaug 350 m. Rekomenduojamas virbal\u0173 dydis: 3,5 mm. Rekomenduojamas va\u0161elio dydis: 3 mm. &nbsp; Kaina 3,10\u20ac Lanoso Parla (Spalva: 3636) Sud\u0117tis: 75% blizgus si\u016blas, 25% \u017evyneliai (100% poliesteris) Svoris\/ilgis: \u00a025 g.= ma\u017edaug 217 m. Rekomenduojamas virbal\u0173 dydis: 2 \u2013 3\u00a0 mm. &nbsp; Kaina 2,20\u20ac Jeigu prekyboje Lanoso ir YarnArt rinkinys yra neprieinamas n\u0117ra arba reikalingas didesnis kiekis, susiekite su Mumis +370 672 44443 info@bitessiulai.lt &nbsp; *Ekrane matomos spalvos gali \u0161iek tiek skirtis nuo tikrosios si\u016bl\u0173 spalvos.<\/p>","protected":false},"featured_media":11119,"comment_status":"open","ping_status":"closed","template":"","meta":[],"product_brand":[],"product_cat":[176,3563,3565],"product_tag":[],"giftcard-category":[],"class_list":{"0":"post-11117","1":"product","2":"type-product","3":"status-publish","4":"has-post-thumbnail","6":"product_cat-siulu-rinkinukai","7":"product_cat-rinkinukai-su-lanoso-parla","8":"product_cat-rinkinukai-su-yarnart-summer-dream","10":"first","11":"outofstock","12":"taxable","13":"shipping-taxable","14":"purchasable","15":"product-type-simple"},"_links":{"self":[{"href":"https:\/\/bitessiulai.lt\/de\/wp-json\/wp\/v2\/product\/11117","targetHints":{"allow":["GET"]}}],"collection":[{"href":"https:\/\/bitessiulai.lt\/de\/wp-json\/wp\/v2\/product"}],"about":[{"href":"https:\/\/bitessiulai.lt\/de\/wp-json\/wp\/v2\/types\/product"}],"replies":[{"embeddable":true,"href":"https:\/\/bitessiulai.lt\/de\/wp-json\/wp\/v2\/comments?post=11117"}],"version-history":[{"count":1,"href":"https:\/\/bitessiulai.lt\/de\/wp-json\/wp\/v2\/product\/11117\/revisions"}],"predecessor-version":[{"id":20385,"href":"https:\/\/bitessiulai.lt\/de\/wp-json\/wp\/v2\/product\/11117\/revisions\/20385"}],"wp:featuredmedia":[{"embeddable":true,"href":"https:\/\/bitessiulai.lt\/de\/wp-json\/wp\/v2\/media\/11119"}],"wp:attachment":[{"href":"https:\/\/bitessiulai.lt\/de\/wp-json\/wp\/v2\/media?parent=11117"}],"wp:term":[{"taxonomy":"product_brand","embeddable":true,"href":"https:\/\/bitessiulai.lt\/de\/wp-json\/wp\/v2\/product_brand?post=11117"},{"taxonomy":"product_cat","embeddable":true,"href":"https:\/\/bitessiulai.lt\/de\/wp-json\/wp\/v2\/product_cat?post=11117"},{"taxonomy":"product_tag","embeddable":true,"href":"https:\/\/bitessiulai.lt\/de\/wp-json\/wp\/v2\/product_tag?post=11117"},{"taxonomy":"giftcard-category","embeddable":true,"href":"https:\/\/bitessiulai.lt\/de\/wp-json\/wp\/v2\/giftcard-category?post=11117"}],"curies":[{"name":"wp","href":"https:\/\/api.w.org\/{rel}","templated":true}]}}