{"id":10988,"date":"2025-04-04T11:31:19","date_gmt":"2025-04-04T08:31:19","guid":{"rendered":"https:\/\/bitessiulai.lt\/?post_type=product&#038;p=10988"},"modified":"2026-05-13T11:07:14","modified_gmt":"2026-05-13T08:07:14","slug":"drops-puna","status":"publish","type":"product","link":"https:\/\/bitessiulai.lt\/de\/produkt\/drops-puna\/","title":{"rendered":"Tropfen Pune"},"content":{"rendered":"<p>DROPS Puna ist ein weiches, leichtes und warmes Garn aus 100 % superfeinem Alpaka %, das sich perfekt f\u00fcr fast jedes Kleidungsst\u00fcck eignet und sich angenehm auf der Haut anf\u00fchlt. Die Fasern des Garns aus 4 superfeinen Alpaka-Garnen sind unbehandelt, d. h. sie werden nur gewaschen und nicht chemisch behandelt. Dies bringt die nat\u00fcrlichen Eigenschaften der Faser zur Geltung und verleiht ihr eine bessere Form und Textur.<\/p>\n<p>Dieses luxuri\u00f6se und vielseitige Garn ist in den sch\u00f6nsten Naturfarben erh\u00e4ltlich und geh\u00f6rt zur Garngruppe B. Es eignet sich daher perfekt f\u00fcr DROPS Karisma und DROPS Merino Extra Fine. Egal, ob Sie damit stricken oder h\u00e4keln, das Ergebnis ist angenehm, leicht und wunderbar anzuschauen und anzufassen. Eine einfache W\u00e4sche sorgt au\u00dferdem daf\u00fcr, dass die N\u00e4hte sehr glatt werden.<\/p>\n<p><img fetchpriority=\"high\" decoding=\"async\" class=\"alignnone size-medium wp-image-10993\" src=\"http:\/\/bitessiulai.lt\/wp-content\/uploads\/2025\/03\/32-2-1-194x300.jpg\" alt=\"\" width=\"194\" height=\"300\" srcset=\"https:\/\/bitessiulai.lt\/wp-content\/uploads\/2025\/03\/32-2-1-194x300.jpg 194w, https:\/\/bitessiulai.lt\/wp-content\/uploads\/2025\/03\/32-2-1-8x12.jpg 8w, https:\/\/bitessiulai.lt\/wp-content\/uploads\/2025\/03\/32-2-1-97x150.jpg 97w, https:\/\/bitessiulai.lt\/wp-content\/uploads\/2025\/03\/32-2-1.jpg 458w\" sizes=\"(max-width: 194px) 100vw, 194px\" \/> <img decoding=\"async\" class=\"alignnone size-medium wp-image-10994\" src=\"http:\/\/bitessiulai.lt\/wp-content\/uploads\/2025\/03\/3-2-1-194x300.jpg\" alt=\"\" width=\"194\" height=\"300\" srcset=\"https:\/\/bitessiulai.lt\/wp-content\/uploads\/2025\/03\/3-2-1-194x300.jpg 194w, https:\/\/bitessiulai.lt\/wp-content\/uploads\/2025\/03\/3-2-1-8x12.jpg 8w, https:\/\/bitessiulai.lt\/wp-content\/uploads\/2025\/03\/3-2-1-97x150.jpg 97w, https:\/\/bitessiulai.lt\/wp-content\/uploads\/2025\/03\/3-2-1.jpg 458w\" sizes=\"(max-width: 194px) 100vw, 194px\" \/><\/p>\n<div class=\"embed-responsive embed-responsive-16by9\"><iframe title=\"DROPS Puna \u2013 Reine Alpaka-Weichheit\" width=\"540\" height=\"960\" src=\"https:\/\/www.youtube.com\/embed\/c2hsfls9cMA?feature=oembed\" frameborder=\"0\" allow=\"accelerometer; autoplay; clipboard-write; encrypted-media; gyroscope; picture-in-picture; web-share\" referrerpolicy=\"strict-origin-when-cross-origin\" allowfullscreen><\/iframe><\/div>\n<p>*Die Farben, die Sie auf Ihrem Bildschirm sehen, k\u00f6nnen leicht von der tats\u00e4chlichen Garnfarbe abweichen.<\/p>","protected":false},"excerpt":{"rendered":"<p>Zusammensetzung: 100% Alpaka<\/p>\n<p>Gewicht\/L\u00e4nge: 50 g = ca. 110 m.<\/p>\n<p>Empfohlene Nadelst\u00e4rke: 4 mm.<\/p>","protected":false},"featured_media":10990,"comment_status":"open","ping_status":"closed","template":"","meta":[],"product_brand":[],"product_cat":[15,327,256,217,177,3167,173,174,175],"product_tag":[],"giftcard-category":[],"class_list":{"0":"post-10988","1":"product","2":"type-product","3":"status-publish","4":"has-post-thumbnail","6":"product_cat-be-kategorijos","7":"product_cat-alpaka","8":"product_cat-drops","9":"product_cat-isparduotuve","10":"product_cat-mezgimo-siulai","11":"product_cat-puna","12":"product_cat-siulai","13":"product_cat-siulu-gamintojai","14":"product_cat-siulu-pluostai","16":"first","17":"instock","18":"sale","19":"taxable","20":"shipping-taxable","21":"purchasable","22":"product-type-variable"},"_links":{"self":[{"href":"https:\/\/bitessiulai.lt\/de\/wp-json\/wp\/v2\/product\/10988","targetHints":{"allow":["GET"]}}],"collection":[{"href":"https:\/\/bitessiulai.lt\/de\/wp-json\/wp\/v2\/product"}],"about":[{"href":"https:\/\/bitessiulai.lt\/de\/wp-json\/wp\/v2\/types\/product"}],"replies":[{"embeddable":true,"href":"https:\/\/bitessiulai.lt\/de\/wp-json\/wp\/v2\/comments?post=10988"}],"version-history":[{"count":1,"href":"https:\/\/bitessiulai.lt\/de\/wp-json\/wp\/v2\/product\/10988\/revisions"}],"predecessor-version":[{"id":20681,"href":"https:\/\/bitessiulai.lt\/de\/wp-json\/wp\/v2\/product\/10988\/revisions\/20681"}],"wp:featuredmedia":[{"embeddable":true,"href":"https:\/\/bitessiulai.lt\/de\/wp-json\/wp\/v2\/media\/10990"}],"wp:attachment":[{"href":"https:\/\/bitessiulai.lt\/de\/wp-json\/wp\/v2\/media?parent=10988"}],"wp:term":[{"taxonomy":"product_brand","embeddable":true,"href":"https:\/\/bitessiulai.lt\/de\/wp-json\/wp\/v2\/product_brand?post=10988"},{"taxonomy":"product_cat","embeddable":true,"href":"https:\/\/bitessiulai.lt\/de\/wp-json\/wp\/v2\/product_cat?post=10988"},{"taxonomy":"product_tag","embeddable":true,"href":"https:\/\/bitessiulai.lt\/de\/wp-json\/wp\/v2\/product_tag?post=10988"},{"taxonomy":"giftcard-category","embeddable":true,"href":"https:\/\/bitessiulai.lt\/de\/wp-json\/wp\/v2\/giftcard-category?post=10988"}],"curies":[{"name":"wp","href":"https:\/\/api.w.org\/{rel}","templated":true}]}}