{"id":10815,"date":"2025-04-04T11:36:30","date_gmt":"2025-04-04T08:36:30","guid":{"rendered":"https:\/\/bitessiulai.lt\/?post_type=product&#038;p=10815"},"modified":"2026-04-10T22:44:40","modified_gmt":"2026-04-10T19:44:40","slug":"drops-andes","status":"publish","type":"product","link":"https:\/\/bitessiulai.lt\/de\/produkt\/drops-andes\/","title":{"rendered":"Tropfen Anden"},"content":{"rendered":"<p>DROPS Andes wird aus 2 Str\u00e4ngen in einer traditionellen Kombination aus 65% Wolle und 35% ultrafeinem Alpaka gesponnen, was dem Garn eine seidige Oberfl\u00e4che (durch die Alpakafaser) und eine gute Formstabilit\u00e4t (durch die Wolle) verleiht. Die Naturfasern sind unbehandelt, d. h. sie werden vor dem F\u00e4rben nur gewaschen und nicht chemisch behandelt. Dadurch kommen die nat\u00fcrlichen Eigenschaften der Faser zur Geltung und verleihen ihr eine bessere Form und Textur.<\/p>\n<p>DROPS Andes l\u00e4sst sich sehr einfach mit dicken Nadeln und Haken verarbeiten und ist ideal zum Filzen. Es eignet sich perfekt f\u00fcr Winterkleidung, Accessoires und Inneneinrichtungsmuster.<\/p>\n<p><img fetchpriority=\"high\" decoding=\"async\" class=\"alignnone size-medium wp-image-10818\" src=\"http:\/\/bitessiulai.lt\/wp-content\/uploads\/2025\/03\/1639-2-194x300.jpg\" alt=\"\" width=\"194\" height=\"300\" srcset=\"https:\/\/bitessiulai.lt\/wp-content\/uploads\/2025\/03\/1639-2-194x300.jpg 194w, https:\/\/bitessiulai.lt\/wp-content\/uploads\/2025\/03\/1639-2-8x12.jpg 8w, https:\/\/bitessiulai.lt\/wp-content\/uploads\/2025\/03\/1639-2-97x150.jpg 97w, https:\/\/bitessiulai.lt\/wp-content\/uploads\/2025\/03\/1639-2.jpg 458w\" sizes=\"(max-width: 194px) 100vw, 194px\" \/> <img decoding=\"async\" class=\"alignnone size-medium wp-image-10819\" src=\"http:\/\/bitessiulai.lt\/wp-content\/uploads\/2025\/03\/30-2-194x300.jpg\" alt=\"\" width=\"194\" height=\"300\" srcset=\"https:\/\/bitessiulai.lt\/wp-content\/uploads\/2025\/03\/30-2-194x300.jpg 194w, https:\/\/bitessiulai.lt\/wp-content\/uploads\/2025\/03\/30-2-8x12.jpg 8w, https:\/\/bitessiulai.lt\/wp-content\/uploads\/2025\/03\/30-2-97x150.jpg 97w, https:\/\/bitessiulai.lt\/wp-content\/uploads\/2025\/03\/30-2.jpg 458w\" sizes=\"(max-width: 194px) 100vw, 194px\" \/><\/p>\n<div class=\"embed-responsive embed-responsive-16by9\"><iframe title=\"DROPS Andes \u2013 Eine weiche und grobe Mischung aus Alpaka und Wolle\" width=\"540\" height=\"960\" src=\"https:\/\/www.youtube.com\/embed\/K5aI1wW8YCU?feature=oembed\" frameborder=\"0\" allow=\"accelerometer; autoplay; clipboard-write; encrypted-media; gyroscope; picture-in-picture; web-share\" referrerpolicy=\"strict-origin-when-cross-origin\" allowfullscreen><\/iframe><\/div>\n<p>*Die Farben, die Sie auf Ihrem Bildschirm sehen, k\u00f6nnen leicht von der tats\u00e4chlichen Garnfarbe abweichen.<\/p>","protected":false},"excerpt":{"rendered":"<p>Zusammensetzung: 65% Wolle, 35% Alpaka<\/p>\n<p>Gewicht\/L\u00e4nge: 100 g = ca. 180 m.<\/p>\n<p>Empfohlene Nadelst\u00e4rke: 7 \u2013 8 mm.<\/p>","protected":false},"featured_media":10846,"comment_status":"open","ping_status":"closed","template":"","meta":[],"product_brand":[],"product_cat":[15,327,3166,256,217,177,173,174,175,410],"product_tag":[],"giftcard-category":[],"class_list":{"0":"post-10815","1":"product","2":"type-product","3":"status-publish","4":"has-post-thumbnail","6":"product_cat-be-kategorijos","7":"product_cat-alpaka","8":"product_cat-andes","9":"product_cat-drops","10":"product_cat-isparduotuve","11":"product_cat-mezgimo-siulai","12":"product_cat-siulai","13":"product_cat-siulu-gamintojai","14":"product_cat-siulu-pluostai","15":"product_cat-vilna","17":"first","18":"instock","19":"sale","20":"taxable","21":"shipping-taxable","22":"purchasable","23":"product-type-variable"},"_links":{"self":[{"href":"https:\/\/bitessiulai.lt\/de\/wp-json\/wp\/v2\/product\/10815","targetHints":{"allow":["GET"]}}],"collection":[{"href":"https:\/\/bitessiulai.lt\/de\/wp-json\/wp\/v2\/product"}],"about":[{"href":"https:\/\/bitessiulai.lt\/de\/wp-json\/wp\/v2\/types\/product"}],"replies":[{"embeddable":true,"href":"https:\/\/bitessiulai.lt\/de\/wp-json\/wp\/v2\/comments?post=10815"}],"version-history":[{"count":2,"href":"https:\/\/bitessiulai.lt\/de\/wp-json\/wp\/v2\/product\/10815\/revisions"}],"predecessor-version":[{"id":23450,"href":"https:\/\/bitessiulai.lt\/de\/wp-json\/wp\/v2\/product\/10815\/revisions\/23450"}],"wp:featuredmedia":[{"embeddable":true,"href":"https:\/\/bitessiulai.lt\/de\/wp-json\/wp\/v2\/media\/10846"}],"wp:attachment":[{"href":"https:\/\/bitessiulai.lt\/de\/wp-json\/wp\/v2\/media?parent=10815"}],"wp:term":[{"taxonomy":"product_brand","embeddable":true,"href":"https:\/\/bitessiulai.lt\/de\/wp-json\/wp\/v2\/product_brand?post=10815"},{"taxonomy":"product_cat","embeddable":true,"href":"https:\/\/bitessiulai.lt\/de\/wp-json\/wp\/v2\/product_cat?post=10815"},{"taxonomy":"product_tag","embeddable":true,"href":"https:\/\/bitessiulai.lt\/de\/wp-json\/wp\/v2\/product_tag?post=10815"},{"taxonomy":"giftcard-category","embeddable":true,"href":"https:\/\/bitessiulai.lt\/de\/wp-json\/wp\/v2\/giftcard-category?post=10815"}],"curies":[{"name":"wp","href":"https:\/\/api.w.org\/{rel}","templated":true}]}}