{"id":10607,"date":"2025-03-23T17:32:56","date_gmt":"2025-03-23T15:32:56","guid":{"rendered":"https:\/\/bitessiulai.lt\/?post_type=product&#038;p=10607"},"modified":"2026-01-07T10:19:11","modified_gmt":"2026-01-07T08:19:11","slug":"milward-2-skyluciu-sagos-10","status":"publish","type":"product","link":"https:\/\/bitessiulai.lt\/de\/produkt\/milward-2-skyluciu-sagos-10\/","title":{"rendered":"Milward 2-Loch-Kn\u00f6pfe"},"content":{"rendered":"<p>Diese wundersch\u00f6nen Milward 2-Loch-Kn\u00f6pfe<span>\u00a0sind unglaublich vielseitig: Sie k\u00f6nnen sie f\u00fcr (selbstgemachte) Kleidung, Wohndeko und Accessoires verwenden. Die runden Kn\u00f6pfe mit wei\u00dfen Punkten lassen sich durch zwei L\u00f6cher von Hand ann\u00e4hen. Sie bestehen aus Nylon und sind bis 40 \u00b0C waschbar. Verpackt sind die Kn\u00f6pfe in einem stilvollen Kartonumschlag. <\/span><\/p>\n<p><span>15 mm x 6 St\u00fcck<\/span><\/p>\n<p><img fetchpriority=\"high\" decoding=\"async\" class=\"alignnone size-medium wp-image-10608\" src=\"http:\/\/bitessiulai.lt\/wp-content\/uploads\/2025\/03\/MG9033384-3-300x300.webp\" alt=\"\" width=\"300\" height=\"300\" srcset=\"https:\/\/bitessiulai.lt\/wp-content\/uploads\/2025\/03\/MG9033384-3-300x300.webp 300w, https:\/\/bitessiulai.lt\/wp-content\/uploads\/2025\/03\/MG9033384-3-150x150.webp 150w, https:\/\/bitessiulai.lt\/wp-content\/uploads\/2025\/03\/MG9033384-3-12x12.webp 12w, https:\/\/bitessiulai.lt\/wp-content\/uploads\/2025\/03\/MG9033384-3-96x96.webp 96w, https:\/\/bitessiulai.lt\/wp-content\/uploads\/2025\/03\/MG9033384-3.webp 583w\" sizes=\"(max-width: 300px) 100vw, 300px\" \/><\/p>\n<p>&nbsp;<\/p>\n<p>*Die auf dem Bildschirm angezeigten Farben k\u00f6nnen leicht von der tats\u00e4chlichen Farbe abweichen.<\/p>","protected":false},"excerpt":{"rendered":"<p>\u0160ios gra\u017eios Milward 2 skylu\u010di\u0173 sagos\u00a0yra ne\u012ftik\u0117tinai universalios: jas galite naudoti prie (rank\u0173 darbo) drabu\u017ei\u0173, nam\u0173 dekoro element\u0173 ir aksesuar\u0173. \u0160ios apvalios sagos su baltais ta\u0161keliais gali b\u016bti prisi\u016btos rankomis per dvi skylutes. Jie pagaminti i\u0161 nailono ir skalbiami iki 40\u00b0C. Sagos supakuotos \u012f stiling\u0105 kartonin\u012f vok\u0105. 15mm. x 6vnt. &nbsp; *Ekrane matomos spalvos gali \u0161iek tiek skirtis nuo tikrosios spalvos.<\/p>","protected":false},"featured_media":10610,"comment_status":"open","ping_status":"closed","template":"","meta":[],"product_brand":[],"product_cat":[192,210],"product_tag":[],"giftcard-category":[],"class_list":{"0":"post-10607","1":"product","2":"type-product","3":"status-publish","4":"has-post-thumbnail","6":"product_cat-priedai-mezgimui","7":"product_cat-sagos","9":"first","10":"instock","11":"taxable","12":"shipping-taxable","13":"purchasable","14":"product-type-simple"},"_links":{"self":[{"href":"https:\/\/bitessiulai.lt\/de\/wp-json\/wp\/v2\/product\/10607","targetHints":{"allow":["GET"]}}],"collection":[{"href":"https:\/\/bitessiulai.lt\/de\/wp-json\/wp\/v2\/product"}],"about":[{"href":"https:\/\/bitessiulai.lt\/de\/wp-json\/wp\/v2\/types\/product"}],"replies":[{"embeddable":true,"href":"https:\/\/bitessiulai.lt\/de\/wp-json\/wp\/v2\/comments?post=10607"}],"version-history":[{"count":0,"href":"https:\/\/bitessiulai.lt\/de\/wp-json\/wp\/v2\/product\/10607\/revisions"}],"wp:featuredmedia":[{"embeddable":true,"href":"https:\/\/bitessiulai.lt\/de\/wp-json\/wp\/v2\/media\/10610"}],"wp:attachment":[{"href":"https:\/\/bitessiulai.lt\/de\/wp-json\/wp\/v2\/media?parent=10607"}],"wp:term":[{"taxonomy":"product_brand","embeddable":true,"href":"https:\/\/bitessiulai.lt\/de\/wp-json\/wp\/v2\/product_brand?post=10607"},{"taxonomy":"product_cat","embeddable":true,"href":"https:\/\/bitessiulai.lt\/de\/wp-json\/wp\/v2\/product_cat?post=10607"},{"taxonomy":"product_tag","embeddable":true,"href":"https:\/\/bitessiulai.lt\/de\/wp-json\/wp\/v2\/product_tag?post=10607"},{"taxonomy":"giftcard-category","embeddable":true,"href":"https:\/\/bitessiulai.lt\/de\/wp-json\/wp\/v2\/giftcard-category?post=10607"}],"curies":[{"name":"wp","href":"https:\/\/api.w.org\/{rel}","templated":true}]}}