{"id":10561,"date":"2025-03-23T17:00:02","date_gmt":"2025-03-23T15:00:02","guid":{"rendered":"https:\/\/bitessiulai.lt\/?post_type=product&#038;p=10561"},"modified":"2026-01-07T10:19:10","modified_gmt":"2026-01-07T08:19:10","slug":"milward-2-skyluciu-sagos-6","status":"publish","type":"product","link":"https:\/\/bitessiulai.lt\/de\/produkt\/milward-2-skyluciu-sagos-6\/","title":{"rendered":"Milward 2-Loch-Kn\u00f6pfe"},"content":{"rendered":"<p>Diese wundersch\u00f6nen Milward 2-Loch-Kn\u00f6pfe sind unglaublich vielseitig: Sie k\u00f6nnen sie f\u00fcr (handgefertigte) Kleidung, Wohndeko und Accessoires verwenden. Diese runden, wei\u00dfen Kn\u00f6pfe mit einer bunten Blume k\u00f6nnen von Hand durch zwei L\u00f6cher gen\u00e4ht werden. Die Kn\u00f6pfe sind 15 mm breit. Sie bestehen aus Nylon und sind waschbar bis 40 \u00b0C. Die Kn\u00f6pfe sind in einem stilvollen Kartonumschlag verpackt. Lieferung in Packungen zu 8 St\u00fcck.<\/p>\n<p><img fetchpriority=\"high\" decoding=\"async\" class=\"alignnone size-medium wp-image-10562\" src=\"http:\/\/bitessiulai.lt\/wp-content\/uploads\/2025\/03\/mg9033679-3-300x300.webp\" alt=\"\" width=\"300\" height=\"300\" srcset=\"https:\/\/bitessiulai.lt\/wp-content\/uploads\/2025\/03\/mg9033679-3-300x300.webp 300w, https:\/\/bitessiulai.lt\/wp-content\/uploads\/2025\/03\/mg9033679-3-150x150.webp 150w, https:\/\/bitessiulai.lt\/wp-content\/uploads\/2025\/03\/mg9033679-3-12x12.webp 12w, https:\/\/bitessiulai.lt\/wp-content\/uploads\/2025\/03\/mg9033679-3-96x96.webp 96w, https:\/\/bitessiulai.lt\/wp-content\/uploads\/2025\/03\/mg9033679-3.webp 583w\" sizes=\"(max-width: 300px) 100vw, 300px\" \/><\/p>\n<p>*Die auf dem Bildschirm angezeigten Farben k\u00f6nnen leicht von der tats\u00e4chlichen Farbe abweichen.<\/p>","protected":false},"excerpt":{"rendered":"<p>\u0160ios gra\u017eios Milward 2 skylu\u010di\u0173 sagos\u00a0yra ne\u012ftik\u0117tinai universalios: jas galite naudoti prie (rank\u0173 darbo) drabu\u017ei\u0173, nam\u0173 dekoro element\u0173 ir aksesuar\u0173. \u0160ias apvalias, baltas sagas su spalvota g\u0117le galima prisi\u016bti rankomis per dvi skylutes. Sagos yra 15 mm plo\u010dio. Jie pagaminti i\u0161 nailono ir skalbiami iki 40\u00b0C. Sagos supakuotos \u012f stiling\u0105 kartonin\u012f vok\u0105. Tiekiama po 8 vnt. *Ekrane matomos spalvos gali \u0161iek tiek skirtis nuo tikrosios spalvos.<\/p>","protected":false},"featured_media":10564,"comment_status":"open","ping_status":"closed","template":"","meta":[],"product_brand":[],"product_cat":[192,210],"product_tag":[],"giftcard-category":[],"class_list":{"0":"post-10561","1":"product","2":"type-product","3":"status-publish","4":"has-post-thumbnail","6":"product_cat-priedai-mezgimui","7":"product_cat-sagos","9":"first","10":"instock","11":"taxable","12":"shipping-taxable","13":"purchasable","14":"product-type-simple"},"_links":{"self":[{"href":"https:\/\/bitessiulai.lt\/de\/wp-json\/wp\/v2\/product\/10561","targetHints":{"allow":["GET"]}}],"collection":[{"href":"https:\/\/bitessiulai.lt\/de\/wp-json\/wp\/v2\/product"}],"about":[{"href":"https:\/\/bitessiulai.lt\/de\/wp-json\/wp\/v2\/types\/product"}],"replies":[{"embeddable":true,"href":"https:\/\/bitessiulai.lt\/de\/wp-json\/wp\/v2\/comments?post=10561"}],"version-history":[{"count":0,"href":"https:\/\/bitessiulai.lt\/de\/wp-json\/wp\/v2\/product\/10561\/revisions"}],"wp:featuredmedia":[{"embeddable":true,"href":"https:\/\/bitessiulai.lt\/de\/wp-json\/wp\/v2\/media\/10564"}],"wp:attachment":[{"href":"https:\/\/bitessiulai.lt\/de\/wp-json\/wp\/v2\/media?parent=10561"}],"wp:term":[{"taxonomy":"product_brand","embeddable":true,"href":"https:\/\/bitessiulai.lt\/de\/wp-json\/wp\/v2\/product_brand?post=10561"},{"taxonomy":"product_cat","embeddable":true,"href":"https:\/\/bitessiulai.lt\/de\/wp-json\/wp\/v2\/product_cat?post=10561"},{"taxonomy":"product_tag","embeddable":true,"href":"https:\/\/bitessiulai.lt\/de\/wp-json\/wp\/v2\/product_tag?post=10561"},{"taxonomy":"giftcard-category","embeddable":true,"href":"https:\/\/bitessiulai.lt\/de\/wp-json\/wp\/v2\/giftcard-category?post=10561"}],"curies":[{"name":"wp","href":"https:\/\/api.w.org\/{rel}","templated":true}]}}