{"id":10134,"date":"2025-03-15T16:05:29","date_gmt":"2025-03-15T14:05:29","guid":{"rendered":"https:\/\/bitessiulai.lt\/?post_type=product&#038;p=10134"},"modified":"2026-04-25T16:13:28","modified_gmt":"2026-04-25T13:13:28","slug":"stenli-tokyo","status":"publish","type":"product","link":"https:\/\/bitessiulai.lt\/de\/produkt\/stenli-tokyo\/","title":{"rendered":"Stanley Tokio"},"content":{"rendered":"<p>Stanley Tokyo ist ein wundersch\u00f6nes Garn, das nat\u00fcrliche, weiche Baumwollfasern und glatte Viskoseseide kombiniert und in zarte Polyamidgewebe einh\u00fcllt. Beide Fasern folgen synchron aufeinander und bilden kleine, dichte, l\u00e4ngliche Strukturen mit \u00e4therischem Glanz, die durch einen d\u00fcnnen, glatten Faden verbunden sind. Um die Wirkung des Garns zu maximieren, empfiehlt es sich, beim Stricken gro\u00dfe Nadeln zu verwenden, die dem Strickst\u00fcck die n\u00f6tige W\u00fcrde verleihen und seine ganze Sch\u00f6nheit entfalten. Stanley Tokyo Garn eignet sich f\u00fcr die Herstellung leichter und zarter Strickwaren f\u00fcr die Fr\u00fchjahr-Sommer-Saison und l\u00e4sst sich perfekt mit anderen Garnserien \u00e4hnlicher Zusammensetzung kombinieren. Das Garn ist sowohl f\u00fcr erfahrene Stricker als auch f\u00fcr Anf\u00e4nger geeignet.<\/p>\n<p><img fetchpriority=\"high\" decoding=\"async\" class=\"alignnone size-medium wp-image-10148\" src=\"http:\/\/bitessiulai.lt\/wp-content\/uploads\/2025\/03\/279884219_857773688507732_3903508314384928403_n-20220503144931-263-200x300.jpg\" alt=\"\" width=\"200\" height=\"300\" srcset=\"https:\/\/bitessiulai.lt\/wp-content\/uploads\/2025\/03\/279884219_857773688507732_3903508314384928403_n-20220503144931-263-200x300.jpg 200w, https:\/\/bitessiulai.lt\/wp-content\/uploads\/2025\/03\/279884219_857773688507732_3903508314384928403_n-20220503144931-263-683x1024.jpg 683w, https:\/\/bitessiulai.lt\/wp-content\/uploads\/2025\/03\/279884219_857773688507732_3903508314384928403_n-20220503144931-263-768x1152.jpg 768w, https:\/\/bitessiulai.lt\/wp-content\/uploads\/2025\/03\/279884219_857773688507732_3903508314384928403_n-20220503144931-263-8x12.jpg 8w, https:\/\/bitessiulai.lt\/wp-content\/uploads\/2025\/03\/279884219_857773688507732_3903508314384928403_n-20220503144931-263-600x900.jpg 600w, https:\/\/bitessiulai.lt\/wp-content\/uploads\/2025\/03\/279884219_857773688507732_3903508314384928403_n-20220503144931-263-100x150.jpg 100w, https:\/\/bitessiulai.lt\/wp-content\/uploads\/2025\/03\/279884219_857773688507732_3903508314384928403_n-20220503144931-263.jpg 800w\" sizes=\"(max-width: 200px) 100vw, 200px\" \/><\/p>\n<p>*Die Farben, die Sie auf Ihrem Bildschirm sehen, k\u00f6nnen leicht von der tats\u00e4chlichen Garnfarbe abweichen.<\/p>","protected":false},"excerpt":{"rendered":"<p>Zusammensetzung: 40% Viskose, 40% Baumwolle, 20% Polyamid<\/p>\n<p>Gewicht\/L\u00e4nge: 100 g = ca. 300 m.<\/p>\n<p>Empfohlene Nadelst\u00e4rke: 6 \u2013 7 mm.<\/p>","protected":false},"featured_media":10135,"comment_status":"open","ping_status":"closed","template":"","meta":[],"product_brand":[],"product_cat":[15,915,652,177,324,173,174,175,1641,3297,337],"product_tag":[],"giftcard-category":[],"class_list":{"0":"post-10134","1":"product","2":"type-product","3":"status-publish","4":"has-post-thumbnail","6":"product_cat-be-kategorijos","7":"product_cat-dekoratyviniai-siulai","8":"product_cat-medvilne","9":"product_cat-mezgimo-siulai","10":"product_cat-poliamidas","11":"product_cat-siulai","12":"product_cat-siulu-gamintojai","13":"product_cat-siulu-pluostai","14":"product_cat-stenli","15":"product_cat-tokyo","16":"product_cat-viskoze","18":"first","19":"instock","20":"taxable","21":"shipping-taxable","22":"purchasable","23":"product-type-variable"},"_links":{"self":[{"href":"https:\/\/bitessiulai.lt\/de\/wp-json\/wp\/v2\/product\/10134","targetHints":{"allow":["GET"]}}],"collection":[{"href":"https:\/\/bitessiulai.lt\/de\/wp-json\/wp\/v2\/product"}],"about":[{"href":"https:\/\/bitessiulai.lt\/de\/wp-json\/wp\/v2\/types\/product"}],"replies":[{"embeddable":true,"href":"https:\/\/bitessiulai.lt\/de\/wp-json\/wp\/v2\/comments?post=10134"}],"version-history":[{"count":0,"href":"https:\/\/bitessiulai.lt\/de\/wp-json\/wp\/v2\/product\/10134\/revisions"}],"wp:featuredmedia":[{"embeddable":true,"href":"https:\/\/bitessiulai.lt\/de\/wp-json\/wp\/v2\/media\/10135"}],"wp:attachment":[{"href":"https:\/\/bitessiulai.lt\/de\/wp-json\/wp\/v2\/media?parent=10134"}],"wp:term":[{"taxonomy":"product_brand","embeddable":true,"href":"https:\/\/bitessiulai.lt\/de\/wp-json\/wp\/v2\/product_brand?post=10134"},{"taxonomy":"product_cat","embeddable":true,"href":"https:\/\/bitessiulai.lt\/de\/wp-json\/wp\/v2\/product_cat?post=10134"},{"taxonomy":"product_tag","embeddable":true,"href":"https:\/\/bitessiulai.lt\/de\/wp-json\/wp\/v2\/product_tag?post=10134"},{"taxonomy":"giftcard-category","embeddable":true,"href":"https:\/\/bitessiulai.lt\/de\/wp-json\/wp\/v2\/giftcard-category?post=10134"}],"curies":[{"name":"wp","href":"https:\/\/api.w.org\/{rel}","templated":true}]}}